{"id":11,"date":"2026-03-21T15:16:01","date_gmt":"2026-03-21T15:16:01","guid":{"rendered":"http:\/\/localhost:8882\/?page_id=11"},"modified":"2026-03-30T13:46:25","modified_gmt":"2026-03-30T13:46:25","slug":"refund_returns","status":"publish","type":"page","link":"https:\/\/junkplasticrehab.com\/it\/refund_returns\/","title":{"rendered":"Rimborsi e Resi"},"content":{"rendered":"<p>I consumatori che, per qualsiasi motivo, non sono soddisfatti del loro acquisto possono annullarlo senza penali e senza specificarne il motivo entro il termine di 15 (quindici) giorni lavorativi dalla conclusione del contratto, inviando un'e-mail al Servizio Clienti all'indirizzo <a href=\"mailto:support@junkplasticrehab.com\">sales@junkplasticrehab.com<\/a>, indicando il numero dell'ordine di acquisto.<br>Le spese di spedizione per la restituzione sono a carico del consumatore.<\/p>\n\n\n\n<p>Una volta autorizzato il reso dei prodotti, il consumatore avr\u00e0 14 (quattordici) giorni per rispedirli. Il Servizio Clienti fornir\u00e0 via e-mail l'etichetta di reso e indicher\u00e0 al consumatore l'indirizzo a cui spedire la merce. Si consiglia di imballare la scatola originale in una seconda scatola protettiva idonea alla spedizione. Si prega di notare che ogni prodotto deve essere restituito integro, nella sua confezione originale e con tutti gli accessori presenti al momento dell'acquisto.<\/p>\n\n\n\n<p>Qualora dovessimo riscontrare danni o la mancanza di una o pi\u00f9 parti della merce, l'azienda si riserva il diritto di non accettare il prodotto restituito o di addebitare il costo delle parti mancanti.<br>Le montature da vista non possono essere restituite o cambiate se le lenti originali sono state rimosse o se sono state montate lenti graduate.<\/p>\n\n\n\n<p>Una volta verificata l'integrit\u00e0 dei prodotti restituiti, provvederemo al rimborso dell'ordine entro 7 giorni lavorativi, utilizzando lo stesso metodo di pagamento impiegato per la transazione iniziale.<\/p>","protected":false},"excerpt":{"rendered":"<p>Consumers who, for whatever reason, are not satisfied with his purchase could cancel it without penalty and without specifying the reason within the term of 15 (fifteen) working days from the conclusion of the contract, by sending an email to Customer Services at sales@junkplasticrehab.com, mentioning the purchase order number.The return shipping cost is up to [&hellip;]<\/p>\n","protected":false},"author":2,"featured_media":0,"parent":0,"menu_order":0,"comment_status":"closed","ping_status":"closed","template":"","meta":{"_acf_changed":false,"_seopress_robots_primary_cat":"","_seopress_titles_title":"","_seopress_titles_desc":"","_seopress_robots_index":"","footnotes":""},"class_list":["post-11","page","type-page","status-publish","hentry"],"acf":[],"_links":{"self":[{"href":"https:\/\/junkplasticrehab.com\/it\/wp-json\/wp\/v2\/pages\/11","targetHints":{"allow":["GET"]}}],"collection":[{"href":"https:\/\/junkplasticrehab.com\/it\/wp-json\/wp\/v2\/pages"}],"about":[{"href":"https:\/\/junkplasticrehab.com\/it\/wp-json\/wp\/v2\/types\/page"}],"author":[{"embeddable":true,"href":"https:\/\/junkplasticrehab.com\/it\/wp-json\/wp\/v2\/users\/2"}],"replies":[{"embeddable":true,"href":"https:\/\/junkplasticrehab.com\/it\/wp-json\/wp\/v2\/comments?post=11"}],"version-history":[{"count":3,"href":"https:\/\/junkplasticrehab.com\/it\/wp-json\/wp\/v2\/pages\/11\/revisions"}],"predecessor-version":[{"id":3982,"href":"https:\/\/junkplasticrehab.com\/it\/wp-json\/wp\/v2\/pages\/11\/revisions\/3982"}],"wp:attachment":[{"href":"https:\/\/junkplasticrehab.com\/it\/wp-json\/wp\/v2\/media?parent=11"}],"curies":[{"name":"wp","href":"https:\/\/api.w.org\/{rel}","templated":true}]}}